{"id":6820,"date":"2021-11-01T20:01:12","date_gmt":"2021-11-02T01:01:12","guid":{"rendered":"https:\/\/steve.dance\/?post_type=product&#038;p=6820"},"modified":"2021-12-02T11:40:48","modified_gmt":"2021-12-02T16:40:48","slug":"clases-grupales-puerto-morelos","status":"publish","type":"product","link":"https:\/\/steve.dance\/es\/producto\/clases-grupales-puerto-morelos\/","title":{"rendered":"Clases Grupales Puerto Morelos"},"content":{"rendered":"<p><span style=\"vertical-align: inherit;\"><span style=\"vertical-align: inherit;\">Clases grupos a partir de 3 personas puedes organizar tu grupo de personas para tomar la clase puede ser de 1 clase de 1 hora o de forma recurrente por medio de nuestros paquetes de 4 clases de 1 hora tu decide que d\u00edas y horas pueden hacerlo, tenemos una metodolog\u00eda para que aprendas m\u00e1s r\u00e1pido y de la mejor calidad, podemos cubrir todo lo que necesitas, manejamos niveles y especialidad seg\u00fan sea el nivel que deseas alcanzar.<\/span><\/span><\/p>\n<p><span style=\"vertical-align: inherit;\"><span style=\"vertical-align: inherit;\">Dentro de las metodolog\u00edas tenemos (tiempo, musicalidad, lady style, man style, composici\u00f3n, disociaci\u00f3n corporal, gu\u00eda, siguiente, etc).<\/span><\/span><\/p>\n<p><span style=\"vertical-align: inherit;\"><span style=\"vertical-align: inherit;\">lugar puede ser a domicilio o en un espacio abierto que usamos nosotros para las clases.<\/span><\/span><\/p>\n<p><span style=\"vertical-align: inherit;\"><span style=\"vertical-align: inherit;\">\u00bfQue d\u00eda empezamos a bailar\u2753<\/span><\/span><\/p>\n","protected":false},"excerpt":{"rendered":"<p><span style=\"vertical-align: inherit;\"><span style=\"vertical-align: inherit;\">Clases de para grupos re\u00fane a tus amigos o familiares para hacer tu clase puede ser de 1 clase o 4 clases (mensual). <\/span><span style=\"vertical-align: inherit;\">Somo expertos en dos pies izquierdo y timid @ s &#8230; y si tenemos nivel tronco tambi\u00e9n. <\/span><span style=\"vertical-align: inherit;\">Aprendes por que aprendes. <\/span><span style=\"vertical-align: inherit;\">Agenda tu primer clase despu\u00e9s puedes coordinarte con el instruct @ r para las siguientes fechas. <\/span><\/span><em><strong><span style=\"vertical-align: inherit;\"><span style=\"vertical-align: inherit;\">Sino se acomodan los horarios m\u00e1ndanos un whatsapp o correo por favor para ayudarte. <\/span><\/span><\/strong><\/em><span style=\"vertical-align: inherit;\"><span style=\"vertical-align: inherit;\">Mas Info \ud83d\udc47<\/span><\/span><\/p>\n","protected":false},"featured_media":449,"template":"","meta":{"site-sidebar-layout":"default","site-content-layout":"default","ast-site-content-layout":"default","site-content-style":"default","site-sidebar-style":"default","ast-global-header-display":"","ast-banner-title-visibility":"","ast-main-header-display":"","ast-hfb-above-header-display":"","ast-hfb-below-header-display":"","ast-hfb-mobile-header-display":"","site-post-title":"","ast-breadcrumbs-content":"","ast-featured-img":"","footer-sml-layout":"","ast-disable-related-posts":"","theme-transparent-header-meta":"default","adv-header-id-meta":"","stick-header-meta":"","header-above-stick-meta":"","header-main-stick-meta":"","header-below-stick-meta":"","astra-migrate-meta-layouts":"default","ast-page-background-enabled":"default","ast-page-background-meta":{"desktop":{"background-color":"","background-image":"","background-repeat":"repeat","background-position":"center center","background-size":"auto","background-attachment":"scroll","background-type":"","background-media":"","overlay-type":"","overlay-color":"","overlay-opacity":"","overlay-gradient":""},"tablet":{"background-color":"","background-image":"","background-repeat":"repeat","background-position":"center center","background-size":"auto","background-attachment":"scroll","background-type":"","background-media":"","overlay-type":"","overlay-color":"","overlay-opacity":"","overlay-gradient":""},"mobile":{"background-color":"","background-image":"","background-repeat":"repeat","background-position":"center center","background-size":"auto","background-attachment":"scroll","background-type":"","background-media":"","overlay-type":"","overlay-color":"","overlay-opacity":"","overlay-gradient":""}},"ast-content-background-meta":{"desktop":{"background-color":"var(--ast-global-color-5)","background-image":"","background-repeat":"repeat","background-position":"center center","background-size":"auto","background-attachment":"scroll","background-type":"","background-media":"","overlay-type":"","overlay-color":"","overlay-opacity":"","overlay-gradient":""},"tablet":{"background-color":"var(--ast-global-color-5)","background-image":"","background-repeat":"repeat","background-position":"center center","background-size":"auto","background-attachment":"scroll","background-type":"","background-media":"","overlay-type":"","overlay-color":"","overlay-opacity":"","overlay-gradient":""},"mobile":{"background-color":"var(--ast-global-color-5)","background-image":"","background-repeat":"repeat","background-position":"center center","background-size":"auto","background-attachment":"scroll","background-type":"","background-media":"","overlay-type":"","overlay-color":"","overlay-opacity":"","overlay-gradient":""}}},"product_brand":[],"product_cat":[190],"product_tag":[],"class_list":{"0":"post-6820","1":"product","2":"type-product","3":"status-publish","4":"has-post-thumbnail","6":"product_cat-puerto-morelos-2","7":"desktop-align-left","8":"tablet-align-left","9":"mobile-align-left","10":"tm-has-options","12":"first","13":"instock","14":"sold-individually","15":"shipping-taxable","16":"purchasable","17":"product-type-booking"},"_links":{"self":[{"href":"https:\/\/steve.dance\/es\/wp-json\/wp\/v2\/product\/6820","targetHints":{"allow":["GET"]}}],"collection":[{"href":"https:\/\/steve.dance\/es\/wp-json\/wp\/v2\/product"}],"about":[{"href":"https:\/\/steve.dance\/es\/wp-json\/wp\/v2\/types\/product"}],"version-history":[{"count":0,"href":"https:\/\/steve.dance\/es\/wp-json\/wp\/v2\/product\/6820\/revisions"}],"wp:featuredmedia":[{"embeddable":true,"href":"https:\/\/steve.dance\/es\/wp-json\/wp\/v2\/media\/449"}],"wp:attachment":[{"href":"https:\/\/steve.dance\/es\/wp-json\/wp\/v2\/media?parent=6820"}],"wp:term":[{"taxonomy":"product_brand","embeddable":true,"href":"https:\/\/steve.dance\/es\/wp-json\/wp\/v2\/product_brand?post=6820"},{"taxonomy":"product_cat","embeddable":true,"href":"https:\/\/steve.dance\/es\/wp-json\/wp\/v2\/product_cat?post=6820"},{"taxonomy":"product_tag","embeddable":true,"href":"https:\/\/steve.dance\/es\/wp-json\/wp\/v2\/product_tag?post=6820"}],"curies":[{"name":"wp","href":"https:\/\/api.w.org\/{rel}","templated":true}]}}