{"id":3094,"date":"2021-04-22T19:20:35","date_gmt":"2021-04-22T19:20:35","guid":{"rendered":"https:\/\/steve.dance\/?page_id=3094"},"modified":"2021-12-04T13:34:00","modified_gmt":"2021-12-04T18:34:00","slug":"terminos-y-condiciones","status":"publish","type":"page","link":"https:\/\/steve.dance\/es\/terminos-y-condiciones\/","title":{"rendered":"Terminos y Condiciones"},"content":{"rendered":"\t\t<div data-elementor-type=\"wp-page\" data-elementor-id=\"3094\" class=\"elementor elementor-3094\" data-elementor-settings=\"{&quot;ha_cmc_init_switcher&quot;:&quot;no&quot;}\" data-elementor-post-type=\"page\">\n\t\t\t\t\t\t<section class=\"elementor-section elementor-top-section elementor-element elementor-element-a3504b2 elementor-section-boxed elementor-section-height-default elementor-section-height-default\" data-id=\"a3504b2\" data-element_type=\"section\" data-e-type=\"section\" data-settings=\"{&quot;_ha_eqh_enable&quot;:false}\">\n\t\t\t\t\t\t<div class=\"elementor-container elementor-column-gap-default\">\n\t\t\t\t\t<div class=\"elementor-column elementor-col-100 elementor-top-column elementor-element elementor-element-8774567\" data-id=\"8774567\" data-element_type=\"column\" data-e-type=\"column\">\n\t\t\t<div class=\"elementor-widget-wrap elementor-element-populated\">\n\t\t\t\t\t\t<div class=\"elementor-element elementor-element-9688156 elementor-widget elementor-widget-heading\" data-id=\"9688156\" data-element_type=\"widget\" data-e-type=\"widget\" data-widget_type=\"heading.default\">\n\t\t\t\t<div class=\"elementor-widget-container\">\n\t\t\t\t\t<h1 class=\"elementor-heading-title elementor-size-default\">T\u00e9rminos y condiciones Academia de Baile Steve<\/h1>\t\t\t\t<\/div>\n\t\t\t\t<\/div>\n\t\t\t\t\t<\/div>\n\t\t<\/div>\n\t\t\t\t\t<\/div>\n\t\t<\/section>\n\t\t\t\t<section class=\"elementor-section elementor-top-section elementor-element elementor-element-148a02a elementor-section-boxed elementor-section-height-default elementor-section-height-default\" data-id=\"148a02a\" data-element_type=\"section\" data-e-type=\"section\" data-settings=\"{&quot;_ha_eqh_enable&quot;:false}\">\n\t\t\t\t\t\t<div class=\"elementor-container elementor-column-gap-default\">\n\t\t\t\t\t<div class=\"elementor-column elementor-col-100 elementor-top-column elementor-element elementor-element-0a30c25\" data-id=\"0a30c25\" data-element_type=\"column\" data-e-type=\"column\">\n\t\t\t<div class=\"elementor-widget-wrap elementor-element-populated\">\n\t\t\t\t\t\t<div class=\"elementor-element elementor-element-58801c8 elementor-widget elementor-widget-text-editor\" data-id=\"58801c8\" data-element_type=\"widget\" data-e-type=\"widget\" data-widget_type=\"text-editor.default\">\n\t\t\t\t<div class=\"elementor-widget-container\">\n\t\t\t\t\t\t\t\t\t<ol><li>Pagos<ul><li>Los pagos pueden ser en efectivo, tranferiancia, PayPal o BillPocket<\/li><li>El cambio del d\u00f3lar lo tenemos $18 pesos mexicanos<\/li><li>Con PayPal contemplamos una comisi\u00f3n de dicho servicio del 5% del total del monto<\/li><li>Para clases especiales (eventos) pedimos un deposito de la mitad del monto par apartar la fecha<\/li><\/ul><\/li><li>Programaci\u00f3n de clases<ul><li>Como m\u00e1ximo de pueden programar las clases 24 horas antes o terminando la clase anterior<\/li><li>De preferencia se solicita programar las clases una semana antes<\/li><\/ul><\/li><li>Servicios incluidos durante la clase o para la clase<ul><li>Bocina<\/li><li>Instructor<\/li><li>Acceso de la metodolog\u00eda acorde el nivel deseado<\/li><li>Preguntas y respuestas sobre la materia<\/li><\/ul><\/li><li>Lugar de las clases<ul><li>Pueden ser realizadas a domicilio o lugar que desee sin cargo extra en un radio de 10 Km del centro de cada ciudad o poblado<\/li><li>Contamos con espacio al aire libre por cuestiones del COVID -19, en los cuales se pueden realizar las clases<\/li><\/ul><\/li><li>Cancelaciones<ul><li>En caso de contratar alg\u00fan paquete de varias las clases podr\u00edan reagendar una vez de forma gratuita 3 d\u00edas antes de la clase, posteriormente la clase ser\u00e1 cobrada<\/li><li>Podr\u00e1 cancelar las clases por cuestiones de fuerza mayor con opci\u00f3n hacer reprogramada en caso de tener espacios disponibles o bien realizar un reembolso. tendr\u00e1 que comprobar dicha situaci\u00f3n de fuerza mayor con alg\u00fan documento que lo respalde.<\/li><li>Podr\u00e1 reprogramar clases en un lapso de 48 horas, contemplando la disponibilidad de horarios para dicho efecto<\/li><\/ul><\/li><li>Reembolso<ul><li>En caso de que cancelas la clase antes de los 3 d\u00edas de anticipaci\u00f3n, te rembolsamos 100% del pago<\/li><li>En caso de que cancelas la clase despu\u00e9s de los 3 d\u00edas de anticipaci\u00f3n, NO reembolsamos, podemos posponer la clase<\/li><li>En caso de lluvia ( solo cuando las clases est\u00e1n en los lugares abiertos) posponemos la clase<\/li><\/ul><\/li><li>Requisitos y recomendaciones<ul><li>Traer ropa c\u00f3moda (deportiva)<\/li><li>Traer tenis, es posible usar calcetines en caso de que el piso lo permita<\/li><li>Se recomienda no realizar la actividad en caso de lesiones fuertes en extremidades<\/li><li>Mencionar cualquier solicitud o costumbres para tomar en cuenta en la clase<\/li><\/ul><\/li><\/ol>\t\t\t\t\t\t\t\t<\/div>\n\t\t\t\t<\/div>\n\t\t\t\t<div class=\"elementor-element elementor-element-223f56e elementor-button-align-stretch elementor-widget elementor-widget-form\" data-id=\"223f56e\" data-element_type=\"widget\" data-e-type=\"widget\" data-settings=\"{&quot;step_next_label&quot;:&quot;Next&quot;,&quot;step_previous_label&quot;:&quot;Previous&quot;,&quot;button_width&quot;:&quot;100&quot;,&quot;step_type&quot;:&quot;number_text&quot;,&quot;step_icon_shape&quot;:&quot;circle&quot;}\" data-widget_type=\"form.default\">\n\t\t\t\t<div class=\"elementor-widget-container\">\n\t\t\t\t\t\t\t<form class=\"elementor-form\" method=\"post\" name=\"Terminos y condiciones\" aria-label=\"Terminos y condiciones\">\n\t\t\t<input type=\"hidden\" name=\"post_id\" value=\"3094\"\/>\n\t\t\t<input type=\"hidden\" name=\"form_id\" value=\"223f56e\"\/>\n\t\t\t<input type=\"hidden\" name=\"referer_title\" value=\"\" \/>\n\n\t\t\t\n\t\t\t<div class=\"elementor-form-fields-wrapper elementor-labels-above\">\n\t\t\t\t\t\t\t\t<div class=\"elementor-field-type-checkbox elementor-field-group elementor-column elementor-field-group-name elementor-col-100\">\n\t\t\t\t\t<div class=\"elementor-field-subgroup  \"><span class=\"elementor-field-option\"><input type=\"checkbox\" value=\"Acepto\" id=\"form-field-name-0\" name=\"form_fields[name]\"> <label for=\"form-field-name-0\">Acepto<\/label><\/span><\/div>\t\t\t\t<\/div>\n\t\t\t\t\t\t\t\t<div class=\"elementor-field-group elementor-column elementor-field-type-submit elementor-col-100 e-form__buttons\">\n\t\t\t\t\t<button class=\"elementor-button elementor-size-sm\" type=\"submit\">\n\t\t\t\t\t\t<span class=\"elementor-button-content-wrapper\">\n\t\t\t\t\t\t\t\t\t\t\t\t\t\t\t\t\t\t\t\t\t\t<span class=\"elementor-button-text\">Enviar<\/span>\n\t\t\t\t\t\t\t\t\t\t\t\t\t<\/span>\n\t\t\t\t\t<\/button>\n\t\t\t\t<\/div>\n\t\t\t<\/div>\n\t\t<\/form>\n\t\t\t\t\t\t<\/div>\n\t\t\t\t<\/div>\n\t\t\t\t\t<\/div>\n\t\t<\/div>\n\t\t\t\t\t<\/div>\n\t\t<\/section>\n\t\t\t\t<\/div>\n\t\t","protected":false},"excerpt":{"rendered":"<p>T\u00e9rminos y condiciones Academia de Baile Steve Pagos Los pagos pueden ser en efectivo, tranferiancia, PayPal o BillPocket El cambio del d\u00f3lar lo tenemos $18 pesos mexicanos Con PayPal contemplamos una comisi\u00f3n de dicho servicio del 5% del total del monto Para clases especiales (eventos) pedimos un deposito de la mitad del monto par apartar [&hellip;]<\/p>\n","protected":false},"author":1,"featured_media":0,"parent":0,"menu_order":0,"comment_status":"closed","ping_status":"closed","template":"","meta":{"site-sidebar-layout":"no-sidebar","site-content-layout":"page-builder","ast-site-content-layout":"default","site-content-style":"default","site-sidebar-style":"default","ast-global-header-display":"","ast-banner-title-visibility":"","ast-main-header-display":"","ast-hfb-above-header-display":"","ast-hfb-below-header-display":"","ast-hfb-mobile-header-display":"","site-post-title":"disabled","ast-breadcrumbs-content":"","ast-featured-img":"disabled","footer-sml-layout":"","ast-disable-related-posts":"","theme-transparent-header-meta":"default","adv-header-id-meta":"","stick-header-meta":"","header-above-stick-meta":"","header-main-stick-meta":"","header-below-stick-meta":"","astra-migrate-meta-layouts":"default","ast-page-background-enabled":"default","ast-page-background-meta":{"desktop":{"background-color":"","background-image":"","background-repeat":"repeat","background-position":"center center","background-size":"auto","background-attachment":"scroll","background-type":"","background-media":"","overlay-type":"","overlay-color":"","overlay-opacity":"","overlay-gradient":""},"tablet":{"background-color":"","background-image":"","background-repeat":"repeat","background-position":"center center","background-size":"auto","background-attachment":"scroll","background-type":"","background-media":"","overlay-type":"","overlay-color":"","overlay-opacity":"","overlay-gradient":""},"mobile":{"background-color":"","background-image":"","background-repeat":"repeat","background-position":"center center","background-size":"auto","background-attachment":"scroll","background-type":"","background-media":"","overlay-type":"","overlay-color":"","overlay-opacity":"","overlay-gradient":""}},"ast-content-background-meta":{"desktop":{"background-color":"var(--ast-global-color-5)","background-image":"","background-repeat":"repeat","background-position":"center center","background-size":"auto","background-attachment":"scroll","background-type":"","background-media":"","overlay-type":"","overlay-color":"","overlay-opacity":"","overlay-gradient":""},"tablet":{"background-color":"var(--ast-global-color-5)","background-image":"","background-repeat":"repeat","background-position":"center center","background-size":"auto","background-attachment":"scroll","background-type":"","background-media":"","overlay-type":"","overlay-color":"","overlay-opacity":"","overlay-gradient":""},"mobile":{"background-color":"var(--ast-global-color-5)","background-image":"","background-repeat":"repeat","background-position":"center center","background-size":"auto","background-attachment":"scroll","background-type":"","background-media":"","overlay-type":"","overlay-color":"","overlay-opacity":"","overlay-gradient":""}},"footnotes":""},"class_list":["post-3094","page","type-page","status-publish","hentry"],"_links":{"self":[{"href":"https:\/\/steve.dance\/es\/wp-json\/wp\/v2\/pages\/3094","targetHints":{"allow":["GET"]}}],"collection":[{"href":"https:\/\/steve.dance\/es\/wp-json\/wp\/v2\/pages"}],"about":[{"href":"https:\/\/steve.dance\/es\/wp-json\/wp\/v2\/types\/page"}],"author":[{"embeddable":true,"href":"https:\/\/steve.dance\/es\/wp-json\/wp\/v2\/users\/1"}],"replies":[{"embeddable":true,"href":"https:\/\/steve.dance\/es\/wp-json\/wp\/v2\/comments?post=3094"}],"version-history":[{"count":0,"href":"https:\/\/steve.dance\/es\/wp-json\/wp\/v2\/pages\/3094\/revisions"}],"wp:attachment":[{"href":"https:\/\/steve.dance\/es\/wp-json\/wp\/v2\/media?parent=3094"}],"curies":[{"name":"wp","href":"https:\/\/api.w.org\/{rel}","templated":true}]}}