{"id":2139,"date":"2020-11-19T23:22:39","date_gmt":"2020-11-19T23:22:39","guid":{"rendered":"https:\/\/steve.dance\/?page_id=2139"},"modified":"2020-11-19T23:28:27","modified_gmt":"2020-11-19T23:28:27","slug":"aviso-de-privacidad","status":"publish","type":"page","link":"https:\/\/steve.dance\/es\/aviso-de-privacidad\/","title":{"rendered":"Aviso de Privacidad"},"content":{"rendered":"\t\t<div data-elementor-type=\"wp-page\" data-elementor-id=\"2139\" class=\"elementor elementor-2139\" data-elementor-settings=\"{&quot;ha_cmc_init_switcher&quot;:&quot;no&quot;}\" data-elementor-post-type=\"page\">\n\t\t\t\t\t\t<section class=\"elementor-section elementor-top-section elementor-element elementor-element-4bb0103 elementor-section-full_width elementor-section-height-default elementor-section-height-default\" data-id=\"4bb0103\" data-element_type=\"section\" data-e-type=\"section\" data-settings=\"{&quot;background_background&quot;:&quot;classic&quot;,&quot;_ha_eqh_enable&quot;:false}\">\n\t\t\t\t\t\t\t<div class=\"elementor-background-overlay\"><\/div>\n\t\t\t\t\t\t\t<div class=\"elementor-container elementor-column-gap-no\">\n\t\t\t\t\t<div class=\"elementor-column elementor-col-100 elementor-top-column elementor-element elementor-element-0fa00fc\" data-id=\"0fa00fc\" data-element_type=\"column\" data-e-type=\"column\">\n\t\t\t<div class=\"elementor-widget-wrap elementor-element-populated\">\n\t\t\t\t\t\t<div class=\"elementor-element elementor-element-e6b3538 elementor-widget elementor-widget-spacer\" data-id=\"e6b3538\" data-element_type=\"widget\" data-e-type=\"widget\" data-widget_type=\"spacer.default\">\n\t\t\t\t<div class=\"elementor-widget-container\">\n\t\t\t\t\t\t\t<div class=\"elementor-spacer\">\n\t\t\t<div class=\"elementor-spacer-inner\"><\/div>\n\t\t<\/div>\n\t\t\t\t\t\t<\/div>\n\t\t\t\t<\/div>\n\t\t\t\t\t<\/div>\n\t\t<\/div>\n\t\t\t\t\t<\/div>\n\t\t<\/section>\n\t\t\t\t<section class=\"elementor-section elementor-top-section elementor-element elementor-element-896467b elementor-section-full_width elementor-section-height-default elementor-section-height-default\" data-id=\"896467b\" data-element_type=\"section\" data-e-type=\"section\" data-settings=\"{&quot;_ha_eqh_enable&quot;:false}\">\n\t\t\t\t\t\t<div class=\"elementor-container elementor-column-gap-no\">\n\t\t\t\t\t<div class=\"elementor-column elementor-col-100 elementor-top-column elementor-element elementor-element-d84a779\" data-id=\"d84a779\" data-element_type=\"column\" data-e-type=\"column\">\n\t\t\t<div class=\"elementor-widget-wrap elementor-element-populated\">\n\t\t\t\t\t\t<div class=\"elementor-element elementor-element-7a5e0c6 elementor-widget elementor-widget-heading\" data-id=\"7a5e0c6\" data-element_type=\"widget\" data-e-type=\"widget\" data-widget_type=\"heading.default\">\n\t\t\t\t<div class=\"elementor-widget-container\">\n\t\t\t\t\t<h2 class=\"elementor-heading-title elementor-size-default\">Aviso de Privacidad<\/h2>\t\t\t\t<\/div>\n\t\t\t\t<\/div>\n\t\t\t\t<div class=\"elementor-element elementor-element-9682b52 elementor-widget elementor-widget-text-editor\" data-id=\"9682b52\" data-element_type=\"widget\" data-e-type=\"widget\" data-widget_type=\"text-editor.default\">\n\t\t\t\t<div class=\"elementor-widget-container\">\n\t\t\t\t\t\t\t\t\t<p>STEVE Academia de Baile, preocupados por su privacidad y con el fin de Asegurar la protecci\u00f3n y privacidad de los datos personales, as\u00ed como regular el acceso, rectificaci\u00f3n, cancelaci\u00f3n y oposici\u00f3n del manejo de los mismos, establece lo siguiente:<\/p><p>STEVE Academia de Baile, Escuela de Danza ubicada en Puerto Morelos, Mexico, le informa que sus datos personales as\u00ed como sus datos personales sensibles, se utilizar\u00e1n para identificaci\u00f3n, operaci\u00f3n y administraci\u00f3n dentro del establecimiento. Estos ser\u00e1n requeridos para llevar a cabo la prestaci\u00f3n de servicios acad\u00e9micos y recreativos.<\/p><div><h3>POL\u00cdTICA DE PRIVACIDAD<\/h3><p>Esta pol\u00edtica tiene como objetivo asegurar la privacidad de los datos proporcionados por nuestros alumnos, exalumnos y colaboradores. Datos Personales que recabamos:<\/p><ul><li>1) Nombre<\/li><li>2) Tel\u00e9fono<\/li><li>3) Correo electr\u00f3nico<\/li><li>4) Estado de salud<\/li><\/ul><p>Finalidad de los datos que recabamos: Los datos recabados se utilizaran con fines administrativos y de Operaci\u00f3n.<\/p><ul><li>1) Identificarlo y contactarlo.<\/li><li>2) Proporcionarle servicios deportivos, recreativos y sociales.<\/li><li>3) Conocer el estado f\u00edsico y de salud para saber si la actividad a realizar es apropiada a su condici\u00f3n as\u00ed como asignarle rutinas y ejercicios.<\/li><li>4) Proporcionar informaci\u00f3n sobre nuestros productos y servicios.<\/li><li>5) Dar seguimiento a sus peticiones as\u00ed como ofrecer nuestros productos y servicios.<\/li><li>6) Enviarle publicidad y ofrecerle promociones.<\/li><li>7) Enviarle invitaciones a eventos recreativos o sociales.<\/li><li>8) Creaci\u00f3n de base de datos de alumnos, exalumnos y colaboradores.<\/li><li>9) Brindarle asistencia en caso de accidentes o emergencias de salud.<\/li><li>10) Otorgarle beneficios derivados de promociones.<\/li><li>11) Realizar gestiones de cobranza.<\/li><li>12) Conocer y atender sus quejas, sugerencias o comentarios.<\/li><\/ul><h3>TRANSFERENCIA DE SUS DATOS PERSONALES:<\/h3><p>Los datos recabados por STEVE Academia de Baile no ser\u00e1n transferidos a terceras personas.<\/p><h3>DERECHOS QUE LE CORRESPONDEN<\/h3><p>En los t\u00e9rminos permitidos por la normatividad aplicable, usted podr\u00e1 acceder, rectificar o cancelar (eliminar) sus datos personales, as\u00ed como oponerse al tratamiento de los mismos y revocar el consentimiento que para tal fin nos haya otorgado, a trav\u00e9s de los procedimientos que hemos implementado. Para conocer dichos procedimientos, los requisitos y plazos, as\u00ed como para externar sus comentarios, quejas o sugerencias, le agradeceremos se ponga en contacto v\u00eda correo electr\u00f3nico a la siguiente direcci\u00f3n: movart.danza@gmail.com<\/p><p>De igual manera usted puede limitar el uso de sus datos personales enviando un correo electr\u00f3nico en el que solicite su baja al Listado Publicitario de S<span style=\"font-size: 15px; font-style: normal; font-weight: 400;\">TEVE Academia de Baile<\/span>, con el objeto de asegurarse de no recibir informaci\u00f3n promocional de nuestros productos y servicios.<\/p><h3>CAMBIOS AL AVISO DE PRIVACIDAD<\/h3><p><span style=\"font-size: 15px; font-style: normal; font-weight: 400; color: var( --e-global-color-text ); font-family: var( --e-global-typography-text-font-family );\">STEVE Academia de Baile<\/span>, podr\u00e1 modificar y\/o actualizar el presente aviso de privacidad, inform\u00e1ndole sobre cualquier modificaci\u00f3n o actualizaci\u00f3n en cualquiera de las siguientes formas:<\/p><ul><li>1) Mediante correo electr\u00f3nico.<\/li><li>2) Mediante avisos visibles a todos los usuarios dentro de las instalaciones de nuestro establecimiento.<\/li><\/ul><p>Al hacer uso de los servicios y\/o productos brindados por S<span style=\"font-size: 15px; font-style: normal; font-weight: 400;\">TEVE Academia de Baile<\/span>\u00a0usted est\u00e1 de acuerdo con la recopilaci\u00f3n, uso, transferencia y almacenamiento de su informaci\u00f3n personal.<\/p><p>Fecha de actualizaci\u00f3n m\u00e1s reciente: 19 \/ noviembre \/ 2020<\/p><\/div><div>\u00a0<\/div>\t\t\t\t\t\t\t\t<\/div>\n\t\t\t\t<\/div>\n\t\t\t\t\t<\/div>\n\t\t<\/div>\n\t\t\t\t\t<\/div>\n\t\t<\/section>\n\t\t\t\t<\/div>\n\t\t","protected":false},"excerpt":{"rendered":"<p>Aviso de Privacidad STEVE Academia de Baile, preocupados por su privacidad y con el fin de Asegurar la protecci\u00f3n y privacidad de los datos personales, as\u00ed como regular el acceso, rectificaci\u00f3n, cancelaci\u00f3n y oposici\u00f3n del manejo de los mismos, establece lo siguiente: STEVE Academia de Baile, Escuela de Danza ubicada en Puerto Morelos, Mexico, le [&hellip;]<\/p>\n","protected":false},"author":1,"featured_media":347,"parent":0,"menu_order":0,"comment_status":"closed","ping_status":"closed","template":"","meta":{"site-sidebar-layout":"no-sidebar","site-content-layout":"page-builder","ast-site-content-layout":"default","site-content-style":"default","site-sidebar-style":"default","ast-global-header-display":"","ast-banner-title-visibility":"","ast-main-header-display":"","ast-hfb-above-header-display":"","ast-hfb-below-header-display":"","ast-hfb-mobile-header-display":"","site-post-title":"disabled","ast-breadcrumbs-content":"","ast-featured-img":"disabled","footer-sml-layout":"","ast-disable-related-posts":"","theme-transparent-header-meta":"default","adv-header-id-meta":"","stick-header-meta":"","header-above-stick-meta":"","header-main-stick-meta":"","header-below-stick-meta":"","astra-migrate-meta-layouts":"default","ast-page-background-enabled":"default","ast-page-background-meta":{"desktop":{"background-color":"","background-image":"","background-repeat":"repeat","background-position":"center center","background-size":"auto","background-attachment":"scroll","background-type":"","background-media":"","overlay-type":"","overlay-color":"","overlay-opacity":"","overlay-gradient":""},"tablet":{"background-color":"","background-image":"","background-repeat":"repeat","background-position":"center center","background-size":"auto","background-attachment":"scroll","background-type":"","background-media":"","overlay-type":"","overlay-color":"","overlay-opacity":"","overlay-gradient":""},"mobile":{"background-color":"","background-image":"","background-repeat":"repeat","background-position":"center center","background-size":"auto","background-attachment":"scroll","background-type":"","background-media":"","overlay-type":"","overlay-color":"","overlay-opacity":"","overlay-gradient":""}},"ast-content-background-meta":{"desktop":{"background-color":"var(--ast-global-color-5)","background-image":"","background-repeat":"repeat","background-position":"center center","background-size":"auto","background-attachment":"scroll","background-type":"","background-media":"","overlay-type":"","overlay-color":"","overlay-opacity":"","overlay-gradient":""},"tablet":{"background-color":"var(--ast-global-color-5)","background-image":"","background-repeat":"repeat","background-position":"center center","background-size":"auto","background-attachment":"scroll","background-type":"","background-media":"","overlay-type":"","overlay-color":"","overlay-opacity":"","overlay-gradient":""},"mobile":{"background-color":"var(--ast-global-color-5)","background-image":"","background-repeat":"repeat","background-position":"center center","background-size":"auto","background-attachment":"scroll","background-type":"","background-media":"","overlay-type":"","overlay-color":"","overlay-opacity":"","overlay-gradient":""}},"footnotes":""},"class_list":["post-2139","page","type-page","status-publish","has-post-thumbnail","hentry"],"_links":{"self":[{"href":"https:\/\/steve.dance\/es\/wp-json\/wp\/v2\/pages\/2139","targetHints":{"allow":["GET"]}}],"collection":[{"href":"https:\/\/steve.dance\/es\/wp-json\/wp\/v2\/pages"}],"about":[{"href":"https:\/\/steve.dance\/es\/wp-json\/wp\/v2\/types\/page"}],"author":[{"embeddable":true,"href":"https:\/\/steve.dance\/es\/wp-json\/wp\/v2\/users\/1"}],"replies":[{"embeddable":true,"href":"https:\/\/steve.dance\/es\/wp-json\/wp\/v2\/comments?post=2139"}],"version-history":[{"count":0,"href":"https:\/\/steve.dance\/es\/wp-json\/wp\/v2\/pages\/2139\/revisions"}],"wp:featuredmedia":[{"embeddable":true,"href":"https:\/\/steve.dance\/es\/wp-json\/wp\/v2\/media\/347"}],"wp:attachment":[{"href":"https:\/\/steve.dance\/es\/wp-json\/wp\/v2\/media?parent=2139"}],"curies":[{"name":"wp","href":"https:\/\/api.w.org\/{rel}","templated":true}]}}