{"id":12944,"date":"2021-11-22T19:53:18","date_gmt":"2021-11-23T00:53:18","guid":{"rendered":"https:\/\/steve.dance\/?page_id=12944"},"modified":"2023-03-26T19:11:15","modified_gmt":"2023-03-27T00:11:15","slug":"reserva-tu-clase","status":"publish","type":"page","link":"https:\/\/steve.dance\/es\/reserva-tu-clase\/","title":{"rendered":"Reserva tu clase"},"content":{"rendered":"<h1>Clases de salsa<\/h1>\n<h3>Clases sueltas  disponibles<\/h3>\n<p>Elija su clase de salsa seg\u00fan su tiempo y ubicaciones. Estamos en Canc\u00fan, Playa del Carmen, Puerto Morelos, Tulum y Ciudad de M\u00e9xico. \u00a1No hay excusa para empezar a bailar!<\/p>\n<p>No encuentras repuestas?<\/p>\n<ul>\n<li>\n\t\t\t\t\t\t\t\t\t\t\t<a href=\"#cancun\"><br \/>\n\t\t\t\t\t\t\t\t\t\t\tCancun<br \/>\n\t\t\t\t\t\t\t\t\t\t\t<\/a>\n\t\t\t\t\t\t\t\t\t<\/li>\n<li>\n\t\t\t\t\t\t\t\t\t\t\t<a href=\"#pm\"><br \/>\n\t\t\t\t\t\t\t\t\t\t\tPuerto Morelos<br \/>\n\t\t\t\t\t\t\t\t\t\t\t<\/a>\n\t\t\t\t\t\t\t\t\t<\/li>\n<li>\n\t\t\t\t\t\t\t\t\t\t\t<a href=\"#playa\"><br \/>\n\t\t\t\t\t\t\t\t\t\t\tPlaya del Carmen<br \/>\n\t\t\t\t\t\t\t\t\t\t\t<\/a>\n\t\t\t\t\t\t\t\t\t<\/li>\n<li>\n\t\t\t\t\t\t\t\t\t\t\t<a href=\"#tulum\"><br \/>\n\t\t\t\t\t\t\t\t\t\t\tTulum<br \/>\n\t\t\t\t\t\t\t\t\t\t\t<\/a>\n\t\t\t\t\t\t\t\t\t<\/li>\n<li>\n\t\t\t\t\t\t\t\t\t\t\t<a href=\"#cdmx\"><br \/>\n\t\t\t\t\t\t\t\t\t\t\tMexico City<br \/>\n\t\t\t\t\t\t\t\t\t\t\t<\/a>\n\t\t\t\t\t\t\t\t\t<\/li>\n<li>\n\t\t\t\t\t\t\t\t\t\t\t<a href=\"https:\/\/steve.dance\/es\/clases-de-bachata-dominicana-en-republica-dominicana\/\"><br \/>\n\t\t\t\t\t\t\t\t\t\t\tRepublica Dominicana<br \/>\n\t\t\t\t\t\t\t\t\t\t\t<\/a>\n\t\t\t\t\t\t\t\t\t<\/li>\n<\/ul>\n<h2>Tulum<\/h2>\n<h2>Playa del Carmen<\/h2>\n<h2>Puerto Morelos<\/h2>\n<h2>Cancun<\/h2>\n<h2>Cuidad de Mexico<\/h2>\n<p><!-- Steve --><br \/>\n<ins\n     style=\"display:block\"\n     data-ad-client=\"ca-pub-6646408649766053\"\n     data-ad-slot=\"4084797662\"\n     data-ad-format=\"auto\"\n     data-full-width-responsive=\"true\"><\/ins><\/p>\n<div class=\"ast-oembed-container \" style=\"height: 100%;\"><iframe title=\"Get ready to a total Salsa and Bachata Immersion! \ud83c\udf34 Join our Dancing Retreat in Mexico! \ud83d\udd7a\ud83d\udc83\ud83c\udfb6\ud83c\uddf2\ud83c\uddfd\" width=\"500\" height=\"281\" src=\"https:\/\/www.youtube.com\/embed\/UcoSIJGB79s?feature=oembed\" frameborder=\"0\" allow=\"accelerometer; autoplay; clipboard-write; encrypted-media; gyroscope; picture-in-picture; web-share\" referrerpolicy=\"strict-origin-when-cross-origin\" allowfullscreen><\/iframe><\/div>\n<h3>\u00danete a la fiesta<\/h3>\n<h3>Eventos de salsa en Playa del Carmen<\/h3>\n<p>\t\t\t Days Hours Minutes<br \/>\n\t\t\t<a href=\"https:\/\/steve.dance\/producto\/salsa-nights-playa-del-carmen\/\" target=\"_blank\" role=\"button\" rel=\"noopener\"><br \/>\n\t\t\t\t\t\tInfos<br \/>\n\t\t\t\t\t<\/a><\/p>\n<p>Nunca compartiremos sus datos con terceros.<\/p>\n","protected":false},"excerpt":{"rendered":"<p>Clases de salsa Clases sueltas disponibles Elija su clase de salsa seg\u00fan su tiempo y ubicaciones. Estamos en Canc\u00fan, Playa del Carmen, Puerto Morelos, Tulum y Ciudad de M\u00e9xico. \u00a1No hay excusa para empezar a bailar! No encuentras repuestas? Cancun Puerto Morelos Playa del Carmen Tulum Mexico City Republica Dominicana Tulum Playa del Carmen Puerto [&hellip;]<\/p>\n","protected":false},"author":1,"featured_media":8797,"parent":0,"menu_order":0,"comment_status":"closed","ping_status":"closed","template":"","meta":{"site-sidebar-layout":"no-sidebar","site-content-layout":"page-builder","ast-site-content-layout":"default","site-content-style":"default","site-sidebar-style":"default","ast-global-header-display":"","ast-banner-title-visibility":"","ast-main-header-display":"","ast-hfb-above-header-display":"","ast-hfb-below-header-display":"","ast-hfb-mobile-header-display":"","site-post-title":"disabled","ast-breadcrumbs-content":"","ast-featured-img":"disabled","footer-sml-layout":"","ast-disable-related-posts":"","theme-transparent-header-meta":"","adv-header-id-meta":"","stick-header-meta":"","header-above-stick-meta":"","header-main-stick-meta":"","header-below-stick-meta":"","astra-migrate-meta-layouts":"default","ast-page-background-enabled":"default","ast-page-background-meta":{"desktop":{"background-color":"","background-image":"","background-repeat":"repeat","background-position":"center center","background-size":"auto","background-attachment":"scroll","background-type":"","background-media":"","overlay-type":"","overlay-color":"","overlay-opacity":"","overlay-gradient":""},"tablet":{"background-color":"","background-image":"","background-repeat":"repeat","background-position":"center center","background-size":"auto","background-attachment":"scroll","background-type":"","background-media":"","overlay-type":"","overlay-color":"","overlay-opacity":"","overlay-gradient":""},"mobile":{"background-color":"","background-image":"","background-repeat":"repeat","background-position":"center center","background-size":"auto","background-attachment":"scroll","background-type":"","background-media":"","overlay-type":"","overlay-color":"","overlay-opacity":"","overlay-gradient":""}},"ast-content-background-meta":{"desktop":{"background-color":"var(--ast-global-color-5)","background-image":"","background-repeat":"repeat","background-position":"center center","background-size":"auto","background-attachment":"scroll","background-type":"","background-media":"","overlay-type":"","overlay-color":"","overlay-opacity":"","overlay-gradient":""},"tablet":{"background-color":"var(--ast-global-color-5)","background-image":"","background-repeat":"repeat","background-position":"center center","background-size":"auto","background-attachment":"scroll","background-type":"","background-media":"","overlay-type":"","overlay-color":"","overlay-opacity":"","overlay-gradient":""},"mobile":{"background-color":"var(--ast-global-color-5)","background-image":"","background-repeat":"repeat","background-position":"center center","background-size":"auto","background-attachment":"scroll","background-type":"","background-media":"","overlay-type":"","overlay-color":"","overlay-opacity":"","overlay-gradient":""}},"footnotes":""},"class_list":["post-12944","page","type-page","status-publish","has-post-thumbnail","hentry"],"_links":{"self":[{"href":"https:\/\/steve.dance\/es\/wp-json\/wp\/v2\/pages\/12944","targetHints":{"allow":["GET"]}}],"collection":[{"href":"https:\/\/steve.dance\/es\/wp-json\/wp\/v2\/pages"}],"about":[{"href":"https:\/\/steve.dance\/es\/wp-json\/wp\/v2\/types\/page"}],"author":[{"embeddable":true,"href":"https:\/\/steve.dance\/es\/wp-json\/wp\/v2\/users\/1"}],"replies":[{"embeddable":true,"href":"https:\/\/steve.dance\/es\/wp-json\/wp\/v2\/comments?post=12944"}],"version-history":[{"count":10,"href":"https:\/\/steve.dance\/es\/wp-json\/wp\/v2\/pages\/12944\/revisions"}],"predecessor-version":[{"id":73138,"href":"https:\/\/steve.dance\/es\/wp-json\/wp\/v2\/pages\/12944\/revisions\/73138"}],"wp:featuredmedia":[{"embeddable":true,"href":"https:\/\/steve.dance\/es\/wp-json\/wp\/v2\/media\/8797"}],"wp:attachment":[{"href":"https:\/\/steve.dance\/es\/wp-json\/wp\/v2\/media?parent=12944"}],"curies":[{"name":"wp","href":"https:\/\/api.w.org\/{rel}","templated":true}]}}